{"id":15235,"date":"2023-07-03T09:31:04","date_gmt":"2023-07-03T09:31:04","guid":{"rendered":"https:\/\/iexsasia.com\/lich-kinh-te\/"},"modified":"2023-12-20T08:52:17","modified_gmt":"2023-12-20T08:52:17","slug":"lich-kinh-te","status":"publish","type":"page","link":"https:\/\/iexs.asia\/vi\/lich-kinh-te\/","title":{"rendered":"l\u1ecbch kinh t\u1ebf"},"content":{"rendered":"<div class=\"wpb-content-wrapper\">[vc_section full_width=&#8221;stretch_row&#8221; pix_over_visibility=&#8221;&#8221; bottom_divider_select=&#8221;19&#8243; bottom_layers=&#8221;1&#8243; b_1_color=&#8221;#f8f9fa&#8221; css=&#8221;.vc_custom_1592520012932{padding-top: 60px !important;padding-bottom: 60px !important;background-color: #ffffff !important;}&#8221;][vc_row pix_particles_check=&#8221;&#8221; css=&#8221;.vc_custom_1688376982002{padding-top: 80px !important;}&#8221;][vc_column content_align=&#8221;text-center&#8221; offset=&#8221;vc_col-md-offset-2 vc_col-md-8&#8243;]<div class=\"pix-content-box card      vc_custom_1592351962093    rounded-10 bg- w-100  \"   ><div class=\"\" style=\"z-index:30;position:relative;\"><div id=\"el1688376937595-bb32603f-e8db\" class=\"mb-3 text-center  vc_custom_1688377065162\"><div class=\"d-inline-block\" style=\"max-width:600px;\"><h2 class=\"mb-32 pix-sliding-headline-2 animate-in font-weight-bold secondary-font \" data-anim-type=\"pix-sliding-text\" pix-anim-delay=\"500\" data-class=\"secondary-font text-heading-default\" style=\"\"><span class=\"slide-in-container \"><span class=\"pix-sliding-item secondary-font text-heading-default\" style=\"transition-delay: 0ms;\">l\u1ecbch&#32;<\/span><\/span> <span class=\"slide-in-container \"><span class=\"pix-sliding-item secondary-font text-heading-default\" style=\"transition-delay: 150ms;\">kinh&#32;<\/span><\/span> <span class=\"slide-in-container \"><span class=\"pix-sliding-item secondary-font text-heading-default\" style=\"transition-delay: 300ms;\">t\u1ebf&#32;<\/span><\/span> <\/h2><\/div><\/div><div class=\"pix-el-text w-100  \" ><div class=\"d-inline-block\" style=\"max-width:500px;\"><p class=\"text-20  text-body-default  \" ><span class=\"text-body-default animate-in d-inline-block\" data-anim-delay=\"400\" data-anim-type=\"fade-in-up\">T\u00ecm L\u1ecbch kinh t\u1ebf trong c\u00e1c c\u00f4ng c\u1ee5 FX c\u1ee7a ch\u00fang t\u00f4i v\u00e0 l\u1eadp k\u1ebf ho\u1ea1ch giao d\u1ecbch c\u1ee7a b\u1ea1n ch\u00ednh x\u00e1c \u0111\u1ebfn t\u1eebng ph\u00fat d\u1ef1a tr\u00ean c\u00e1c b\u00e1o c\u00e1o kinh t\u1ebf s\u1eafp \u0111\u01b0\u1ee3c c\u00f4ng b\u1ed1 v\u00e0 bi\u1ebfn \u0111\u1ed9ng \u01b0\u1edbc t\u00ednh.<\/span><\/p><\/div><\/div><a  href=\"https:\/\/portal.iexcrm.com\/\" class=\"btn mb-2     shadow-inverse-lg shadow-inverse-hover-sm scale-inverse-sm text-white btn-primary btn-flat d-inline-block    secondary-font  btn-md\"     ><span class=\"font-weight-bold \" >giao d\u1ecbch ngay<\/span> <i class=\"font-weight-bold pixicon-angle-right   ml-1\"><\/i><\/a><\/div><\/div>[\/vc_column][\/vc_row][\/vc_section][vc_section full_width=&#8221;stretch_row&#8221; pix_over_visibility=&#8221;&#8221; top_divider_select=&#8221;8&#8243; t_2_color=&#8221;rgba(248,249,250,0.01)&#8221; t_3_color=&#8221;#f8f9fa&#8221; css=&#8221;.vc_custom_1613358265784{padding-top: 80px !important;padding-bottom: 80px !important;background-color: #ffffff !important;}&#8221;][vc_row pix_particles_check=&#8221;&#8221;][vc_column width=&#8221;7\/12&#8243;][vc_raw_html]PCEtLSBUcmFkaW5nVmlldyBXaWRnZXQgQkVHSU4gLS0+CjxkaXYgY2xhc3M9InRyYWRpbmd2aWV3LXdpZGdldC1jb250YWluZXIiPgogIDxkaXYgY2xhc3M9InRyYWRpbmd2aWV3LXdpZGdldC1jb250YWluZXJfX3dpZGdldCI+PC9kaXY+CiAgCiAgPHNjcmlwdCB0eXBlPSJ0ZXh0L2phdmFzY3JpcHQiIHNyYz0iaHR0cHM6Ly9zMy50cmFkaW5ndmlldy5jb20vZXh0ZXJuYWwtZW1iZWRkaW5nL2VtYmVkLXdpZGdldC1mb3JleC1jcm9zcy1yYXRlcy5qcyIgYXN5bmM9IiI+CiAgewogICJ3aWR0aCI6ICIxMDAlIiwKICAiaGVpZ2h0IjogIjYwMCIsCiAgImN1cnJlbmNpZXMiOiBbCiAgICAiRVVSIiwKICAgICJVU0QiLAogICAgIkpQWSIsCiAgICAiR0JQIiwKICAgICJDSEYiLAogICAgIkFVRCIsCiAgICAiQ0FEIiwKICAgICJDTlkiCiAgXSwKICAiaXNUcmFuc3BhcmVudCI6IGZhbHNlLAogICJjb2xvclRoZW1lIjogImxpZ2h0IiwKICAibG9jYWxlIjogImVuIgp9CiAgPC9zY3JpcHQ+CjwvZGl2Pgo8IS0tIFRyYWRpbmdWaWV3IFdpZGdldCBFTkQgLS0+[\/vc_raw_html][\/vc_column][vc_column width=&#8221;5\/12&#8243;]<div class=\"pix-content-box card   sticky-top pix-sticky-top-adjust      rounded-lg bg- w-100  \"   ><div class=\"\" style=\"z-index:30;position:relative;\"><div class=\"pix-el-text w-100   vc_custom_1689142742590\" ><p class=\"text-18 m-0 text-heading-default  font-weight-bold secondary-font\" ><span class=\"text-heading-default animate-in d-inline-block\" data-anim-delay=\"200\" data-anim-type=\"fade-in-up\">C\u00e1ch s\u1eed d\u1ee5ng b\u1ea3ng bi\u1ebfn \u0111\u1ed9ng theo th\u1eddi gian th\u1ef1c Forex<\/span><\/p><\/div><div  class=\"pix-heading-el text-left  vc_custom_1689142928206\"><div><div class=\"slide-in-container2\"><h2 class=\"text-gradient-primary font-weight-bold heading-text el-title_custom_color mb-12\" style=\"\" data-anim-type=\"\" data-anim-delay=\"0\">B\u1ea3ng bi\u1ebfn \u0111\u1ed9ng th\u1eddi gian th\u1ef1c ngo\u1ea1i h\u1ed1i c\u00f3 th\u1ec3 hi\u1ec3u tr\u1ef1c quan t\u1ef7 gi\u00e1 h\u1ed1i \u0111o\u00e1i<\/h2><\/div><\/div><\/div><div class=\"pix-el-text w-100   vc_custom_1689143033923\" ><p class=\"text-20 m-0 text-body-default  font-weight-bold\" >L\u1eadp k\u1ebf ho\u1ea1ch giao d\u1ecbch c\u1ee7a b\u1ea1n d\u1ef1a tr\u00ean gi\u00e1 t\u1ef7 gi\u00e1 h\u1ed1i \u0111o\u00e1i hi\u1ec7n t\u1ea1i, d\u1ef1 b\u00e1o v\u00e0 bi\u1ebfn \u0111\u1ed9ng \u01b0\u1edbc t\u00ednh c\u1ee7a c\u00e1c lo\u1ea1i ti\u1ec1n t\u1ec7 kh\u00e1c nhau.<\/p><\/div><\/div><\/div>[\/vc_column][\/vc_row][\/vc_section][vc_section full_width=&#8221;stretch_row&#8221; pix_over_visibility=&#8221;&#8221; top_divider_select=&#8221;8&#8243; t_2_color=&#8221;rgba(248,249,250,0.01)&#8221; t_3_color=&#8221;#f8f9fa&#8221; css=&#8221;.vc_custom_1613358265784{padding-top: 80px !important;padding-bottom: 80px !important;background-color: #ffffff !important;}&#8221;][vc_row pix_particles_check=&#8221;&#8221;][vc_column width=&#8221;5\/12&#8243;]<div class=\"pix-content-box card   sticky-top pix-sticky-top-adjust      rounded-lg bg- w-100  \"   ><div class=\"\" style=\"z-index:30;position:relative;\"><div class=\"pix-el-text w-100   vc_custom_1688958592833\" ><p class=\"text-18 m-0 text-heading-default  font-weight-bold secondary-font\" ><span class=\"text-heading-default animate-in d-inline-block\" data-anim-delay=\"200\" data-anim-type=\"fade-in-up\">C\u00e1ch s\u1eed d\u1ee5ng L\u1ecbch kinh t\u1ebf c\u1ee7a b\u1ea1n<\/span><\/p><\/div><div  class=\"pix-heading-el text-left  vc_custom_1691057863327\"><div><div class=\"slide-in-container2\"><h2 class=\"text-gradient-primary font-weight-bold heading-text el-title_custom_color mb-12\" style=\"\" data-anim-type=\"\" data-anim-delay=\"0\">H\u00e3y xem c\u00e1c s\u1ef1 ki\u1ec7n kinh t\u1ebf theo l\u1ecbch tr\u00ecnh tr\u01b0\u1edbc khi l\u1eadp k\u1ebf ho\u1ea1ch Giao d\u1ecbch<\/h2><\/div><\/div><\/div><div class=\"pix-el-text w-100   vc_custom_1688956900813\" ><p class=\"text-20 m-0 text-body-default  font-weight-bold\" >L\u1eadp k\u1ebf ho\u1ea1ch giao d\u1ecbch c\u1ee7a b\u1ea1n ch\u00ednh x\u00e1c \u0111\u1ebfn t\u1eebng ph\u00fat d\u1ef1a tr\u00ean c\u00e1c b\u00e1o c\u00e1o kinh t\u1ebf s\u1eafp \u0111\u01b0\u1ee3c c\u00f4ng b\u1ed1, c\u00e1c s\u1ef1 ki\u1ec7n kinh t\u1ebf tr\u01b0\u1edbc \u0111\u00f3, d\u1ef1 b\u00e1o \u0111\u1ed3ng thu\u1eadn v\u00e0 bi\u1ebfn \u0111\u1ed9ng \u01b0\u1edbc t\u00ednh.<\/p><\/div><\/div><\/div>[\/vc_column][vc_column width=&#8221;7\/12&#8243;][vc_raw_html]PCEtLSBUcmFkaW5nVmlldyBXaWRnZXQgQkVHSU4gLS0+CjxkaXYgY2xhc3M9InRyYWRpbmd2aWV3LXdpZGdldC1jb250YWluZXIiPgogIDxkaXYgY2xhc3M9InRyYWRpbmd2aWV3LXdpZGdldC1jb250YWluZXJfX3dpZGdldCI+PC9kaXY+CiAgCiAgPHNjcmlwdCB0eXBlPSJ0ZXh0L2phdmFzY3JpcHQiIHNyYz0iaHR0cHM6Ly9zMy50cmFkaW5ndmlldy5jb20vZXh0ZXJuYWwtZW1iZWRkaW5nL2VtYmVkLXdpZGdldC1ldmVudHMuanMiIGFzeW5jPSIiPgogIHsKICAiY29sb3JUaGVtZSI6ICJsaWdodCIsCiAgImlzVHJhbnNwYXJlbnQiOiBmYWxzZSwKICAid2lkdGgiOiAiMTAwJSIsCiAgImhlaWdodCI6ICI2MDAiLAogICJsb2NhbGUiOiAiZW4iLAogICJpbXBvcnRhbmNlRmlsdGVyIjogIi0xLDAsMSIsCiAgImN1cnJlbmN5RmlsdGVyIjogIlVTRCxFVVIsSVRMLE5aRCxDSEYsQVVELEZSRixKUFksWkFSLFRSTCxDQUQsREVNLE1YTixFU1AsR0JQIgp9CiAgPC9zY3JpcHQ+CjwvZGl2Pgo8IS0tIFRyYWRpbmdWaWV3IFdpZGdldCBFTkQgLS0+[\/vc_raw_html][\/vc_column][\/vc_row][\/vc_section]<\/div>","protected":false},"excerpt":{"rendered":"[vc_section full_width=&#8221;stretch_row&#8221; pix_over_visibility=&#8221;&#8221; bottom_divider_select=&#8221;19&#8243; bottom_layers=&#8221;1&#8243; b_1_color=&#8221;#f8f9fa&#8221; css=&#8221;.vc_custom_1592520012932{padding-top: 60px !important;padding-bottom: 60px !important;background-color: #ffffff !important;}&#8221;][vc_row pix_particles_check=&#8221;&#8221; css=&#8221;.vc_custom_1688376982002{padding-top: 80px !important;}&#8221;][vc_column content_align=&#8221;text-center&#8221; offset=&#8221;vc_col-md-offset-2 vc_col-md-8&#8243;][\/vc_column][\/vc_row][\/vc_section][vc_section full_width=&#8221;stretch_row&#8221; pix_over_visibility=&#8221;&#8221; top_divider_select=&#8221;8&#8243; t_2_color=&#8221;rgba(248,249,250,0.01)&#8221; t_3_color=&#8221;#f8f9fa&#8221; css=&#8221;.vc_custom_1613358265784{padding-top: 80px !important;padding-bottom: 80px !important;background-color: #ffffff !important;}&#8221;][vc_row pix_particles_check=&#8221;&#8221;][vc_column width=&#8221;7\/12&#8243;][vc_raw_html]PCEtLSBUcmFkaW5nVmlldyBXaWRnZXQgQkVHSU4gLS0+CjxkaXYgY2xhc3M9InRyYWRpbmd2aWV3LXdpZGdldC1jb250YWluZXIiPgogIDxkaXYgY2xhc3M9InRyYWRpbmd2aWV3LXdpZGdldC1jb250YWluZXJfX3dpZGdldCI+PC9kaXY+CiAgCiAgPHNjcmlwdCB0eXBlPSJ0ZXh0L2phdmFzY3JpcHQiIHNyYz0iaHR0cHM6Ly9zMy50cmFkaW5ndmlldy5jb20vZXh0ZXJuYWwtZW1iZWRkaW5nL2VtYmVkLXdpZGdldC1mb3JleC1jcm9zcy1yYXRlcy5qcyIgYXN5bmM9IiI+CiAgewogICJ3aWR0aCI6ICIxMDAlIiwKICAiaGVpZ2h0IjogIjYwMCIsCiAgImN1cnJlbmNpZXMiOiBbCiAgICAiRVVSIiwKICAgICJVU0QiLAogICAgIkpQWSIsCiAgICAiR0JQIiwKICAgICJDSEYiLAogICAgIkFVRCIsCiAgICAiQ0FEIiwKICAgICJDTlkiCiAgXSwKICAiaXNUcmFuc3BhcmVudCI6IGZhbHNlLAogICJjb2xvclRoZW1lIjogImxpZ2h0IiwKICAibG9jYWxlIjogImVuIgp9CiAgPC9zY3JpcHQ+CjwvZGl2Pgo8IS0tIFRyYWRpbmdWaWV3IFdpZGdldCBFTkQgLS0+[\/vc_raw_html][\/vc_column][vc_column width=&#8221;5\/12&#8243;][\/vc_column][\/vc_row][\/vc_section][vc_section full_width=&#8221;stretch_row&#8221; pix_over_visibility=&#8221;&#8221; top_divider_select=&#8221;8&#8243; t_2_color=&#8221;rgba(248,249,250,0.01)&#8221; t_3_color=&#8221;#f8f9fa&#8221;&#8230;","protected":false},"author":2,"featured_media":0,"parent":0,"menu_order":0,"comment_status":"closed","ping_status":"closed","template":"","meta":{"footnotes":""},"class_list":["post-15235","page","type-page","status-publish","hentry"],"yoast_head":"<!-- This site is optimized with the Yoast SEO plugin v21.6 - https:\/\/yoast.com\/wordpress\/plugins\/seo\/ -->\n<title>l\u1ecbch kinh t\u1ebf - IEXS | Nh\u00e0 m\u00f4i gi\u1edbi c\u00f4ng ngh\u1ec7 t\u00e0i ch\u00ednh - L\u1ecbch kinh t\u1ebf | Ngo\u1ea1i h\u1ed1i | T\u00e0i ch\u00ednh | M\u00f4i gi\u1edbi<\/title>\n<meta name=\"description\" content=\"L\u1eadp k\u1ebf ho\u1ea1ch giao d\u1ecbch c\u1ee7a b\u1ea1n ch\u00ednh x\u00e1c \u0111\u1ebfn t\u1eebng ph\u00fat d\u1ef1a tr\u00ean c\u00e1c b\u00e1o c\u00e1o kinh t\u1ebf s\u1eafp \u0111\u01b0\u1ee3c c\u00f4ng b\u1ed1, c\u00e1c s\u1ef1 ki\u1ec7n kinh t\u1ebf tr\u01b0\u1edbc \u0111\u00f3\" \/>\n<meta name=\"robots\" content=\"noindex, follow, max-snippet:-1, max-image-preview:large, max-video-preview:-1\" \/>\n<meta property=\"og:locale\" content=\"vi_VN\" \/>\n<meta property=\"og:type\" content=\"article\" \/>\n<meta property=\"og:title\" content=\"l\u1ecbch kinh t\u1ebf - IEXS | Nh\u00e0 m\u00f4i gi\u1edbi c\u00f4ng ngh\u1ec7 t\u00e0i ch\u00ednh - L\u1ecbch kinh t\u1ebf | Ngo\u1ea1i h\u1ed1i | T\u00e0i ch\u00ednh | M\u00f4i gi\u1edbi\" \/>\n<meta property=\"og:description\" content=\"L\u1eadp k\u1ebf ho\u1ea1ch giao d\u1ecbch c\u1ee7a b\u1ea1n ch\u00ednh x\u00e1c \u0111\u1ebfn t\u1eebng ph\u00fat d\u1ef1a tr\u00ean c\u00e1c b\u00e1o c\u00e1o kinh t\u1ebf s\u1eafp \u0111\u01b0\u1ee3c c\u00f4ng b\u1ed1, c\u00e1c s\u1ef1 ki\u1ec7n kinh t\u1ebf tr\u01b0\u1edbc \u0111\u00f3\" \/>\n<meta property=\"og:url\" content=\"https:\/\/iexs.asia\/vi\/lich-kinh-te\/\" \/>\n<meta property=\"og:site_name\" content=\"IEXS | Nh\u00e0 m\u00f4i gi\u1edbi c\u00f4ng ngh\u1ec7 t\u00e0i ch\u00ednh\" \/>\n<meta property=\"article:publisher\" content=\"https:\/\/www.facebook.com\/iexs.official\" \/>\n<meta property=\"article:modified_time\" content=\"2023-12-20T08:52:17+00:00\" \/>\n<meta property=\"og:image\" content=\"https:\/\/iexs.asia\/wp-content\/uploads\/2023\/12\/image_2023-12-14_16-19-19.png\" \/>\n\t<meta property=\"og:image:width\" content=\"1708\" \/>\n\t<meta property=\"og:image:height\" content=\"886\" \/>\n\t<meta property=\"og:image:type\" content=\"image\/png\" \/>\n<meta name=\"twitter:card\" content=\"summary_large_image\" \/>\n<meta name=\"twitter:site\" content=\"@iexs_official\" \/>\n<meta name=\"twitter:label1\" content=\"Est. reading time\" \/>\n\t<meta name=\"twitter:data1\" content=\"2 minutes\" \/>\n<script type=\"application\/ld+json\" class=\"yoast-schema-graph\">{\"@context\":\"https:\/\/schema.org\",\"@graph\":[{\"@type\":\"WebPage\",\"@id\":\"https:\/\/iexs.asia\/vi\/lich-kinh-te\/\",\"url\":\"https:\/\/iexs.asia\/vi\/lich-kinh-te\/\",\"name\":\"l\u1ecbch kinh t\u1ebf - IEXS | Nh\u00e0 m\u00f4i gi\u1edbi c\u00f4ng ngh\u1ec7 t\u00e0i ch\u00ednh - L\u1ecbch kinh t\u1ebf | Ngo\u1ea1i h\u1ed1i | T\u00e0i ch\u00ednh | M\u00f4i gi\u1edbi\",\"isPartOf\":{\"@id\":\"https:\/\/iexs.asia\/#website\"},\"datePublished\":\"2023-07-03T09:31:04+00:00\",\"dateModified\":\"2023-12-20T08:52:17+00:00\",\"description\":\"L\u1eadp k\u1ebf ho\u1ea1ch giao d\u1ecbch c\u1ee7a b\u1ea1n ch\u00ednh x\u00e1c \u0111\u1ebfn t\u1eebng ph\u00fat d\u1ef1a tr\u00ean c\u00e1c b\u00e1o c\u00e1o kinh t\u1ebf s\u1eafp \u0111\u01b0\u1ee3c c\u00f4ng b\u1ed1, c\u00e1c s\u1ef1 ki\u1ec7n kinh t\u1ebf tr\u01b0\u1edbc \u0111\u00f3\",\"breadcrumb\":{\"@id\":\"https:\/\/iexs.asia\/vi\/lich-kinh-te\/#breadcrumb\"},\"inLanguage\":\"vi-VN\",\"potentialAction\":[{\"@type\":\"ReadAction\",\"target\":[\"https:\/\/iexs.asia\/vi\/lich-kinh-te\/\"]}]},{\"@type\":\"BreadcrumbList\",\"@id\":\"https:\/\/iexs.asia\/vi\/lich-kinh-te\/#breadcrumb\",\"itemListElement\":[{\"@type\":\"ListItem\",\"position\":1,\"name\":\"Home\",\"item\":\"https:\/\/iexs.asia\/\"},{\"@type\":\"ListItem\",\"position\":2,\"name\":\"l\u1ecbch kinh t\u1ebf\"}]},{\"@type\":\"WebSite\",\"@id\":\"https:\/\/iexs.asia\/#website\",\"url\":\"https:\/\/iexs.asia\/\",\"name\":\"IEXS | Fintech Broker | Securities | Futures | Forex | Metals | Crypto | Indices\",\"description\":\"Ch\u1ee9ng kho\u00e1n | H\u1ee3p \u0111\u1ed3ng t\u01b0\u01a1ng lai | C\u1eb7p ti\u1ec1n t\u1ec7 | Kim lo\u1ea1i | C\u1ed5 phi\u1ebfu | Ch\u1ec9 s\u1ed1\",\"publisher\":{\"@id\":\"https:\/\/iexs.asia\/#organization\"},\"potentialAction\":[{\"@type\":\"SearchAction\",\"target\":{\"@type\":\"EntryPoint\",\"urlTemplate\":\"https:\/\/iexs.asia\/?s={search_term_string}\"},\"query-input\":\"required name=search_term_string\"}],\"inLanguage\":\"vi-VN\"},{\"@type\":\"Organization\",\"@id\":\"https:\/\/iexs.asia\/#organization\",\"name\":\"IEXS\",\"url\":\"https:\/\/iexs.asia\/\",\"logo\":{\"@type\":\"ImageObject\",\"inLanguage\":\"vi-VN\",\"@id\":\"https:\/\/iexs.asia\/#\/schema\/logo\/image\/\",\"url\":\"https:\/\/iexs.asia\/wp-content\/uploads\/2023\/08\/cropped-iexs-logo-bw-small-2.png\",\"contentUrl\":\"https:\/\/iexs.asia\/wp-content\/uploads\/2023\/08\/cropped-iexs-logo-bw-small-2.png\",\"width\":512,\"height\":512,\"caption\":\"IEXS\"},\"image\":{\"@id\":\"https:\/\/iexs.asia\/#\/schema\/logo\/image\/\"},\"sameAs\":[\"https:\/\/www.facebook.com\/iexs.official\",\"https:\/\/twitter.com\/iexs_official\",\"https:\/\/www.youtube.com\/channel\/UCXkv-L4Z6HAgFtV1S1CvvRQ\"]}]}<\/script>\n<!-- \/ Yoast SEO plugin. -->","yoast_head_json":{"title":"l\u1ecbch kinh t\u1ebf - IEXS | Nh\u00e0 m\u00f4i gi\u1edbi c\u00f4ng ngh\u1ec7 t\u00e0i ch\u00ednh - L\u1ecbch kinh t\u1ebf | Ngo\u1ea1i h\u1ed1i | T\u00e0i ch\u00ednh | M\u00f4i gi\u1edbi","description":"L\u1eadp k\u1ebf ho\u1ea1ch giao d\u1ecbch c\u1ee7a b\u1ea1n ch\u00ednh x\u00e1c \u0111\u1ebfn t\u1eebng ph\u00fat d\u1ef1a tr\u00ean c\u00e1c b\u00e1o c\u00e1o kinh t\u1ebf s\u1eafp \u0111\u01b0\u1ee3c c\u00f4ng b\u1ed1, c\u00e1c s\u1ef1 ki\u1ec7n kinh t\u1ebf tr\u01b0\u1edbc \u0111\u00f3","robots":{"index":"noindex","follow":"follow","max-snippet":"max-snippet:-1","max-image-preview":"max-image-preview:large","max-video-preview":"max-video-preview:-1"},"og_locale":"vi_VN","og_type":"article","og_title":"l\u1ecbch kinh t\u1ebf - IEXS | Nh\u00e0 m\u00f4i gi\u1edbi c\u00f4ng ngh\u1ec7 t\u00e0i ch\u00ednh - L\u1ecbch kinh t\u1ebf | Ngo\u1ea1i h\u1ed1i | T\u00e0i ch\u00ednh | M\u00f4i gi\u1edbi","og_description":"L\u1eadp k\u1ebf ho\u1ea1ch giao d\u1ecbch c\u1ee7a b\u1ea1n ch\u00ednh x\u00e1c \u0111\u1ebfn t\u1eebng ph\u00fat d\u1ef1a tr\u00ean c\u00e1c b\u00e1o c\u00e1o kinh t\u1ebf s\u1eafp \u0111\u01b0\u1ee3c c\u00f4ng b\u1ed1, c\u00e1c s\u1ef1 ki\u1ec7n kinh t\u1ebf tr\u01b0\u1edbc \u0111\u00f3","og_url":"https:\/\/iexs.asia\/vi\/lich-kinh-te\/","og_site_name":"IEXS | Nh\u00e0 m\u00f4i gi\u1edbi c\u00f4ng ngh\u1ec7 t\u00e0i ch\u00ednh","article_publisher":"https:\/\/www.facebook.com\/iexs.official","article_modified_time":"2023-12-20T08:52:17+00:00","og_image":[{"width":1708,"height":886,"url":"https:\/\/iexs.asia\/wp-content\/uploads\/2023\/12\/image_2023-12-14_16-19-19.png","type":"image\/png"}],"twitter_card":"summary_large_image","twitter_site":"@iexs_official","twitter_misc":{"Est. reading time":"2 minutes"},"schema":{"@context":"https:\/\/schema.org","@graph":[{"@type":"WebPage","@id":"https:\/\/iexs.asia\/vi\/lich-kinh-te\/","url":"https:\/\/iexs.asia\/vi\/lich-kinh-te\/","name":"l\u1ecbch kinh t\u1ebf - IEXS | Nh\u00e0 m\u00f4i gi\u1edbi c\u00f4ng ngh\u1ec7 t\u00e0i ch\u00ednh - L\u1ecbch kinh t\u1ebf | Ngo\u1ea1i h\u1ed1i | T\u00e0i ch\u00ednh | M\u00f4i gi\u1edbi","isPartOf":{"@id":"https:\/\/iexs.asia\/#website"},"datePublished":"2023-07-03T09:31:04+00:00","dateModified":"2023-12-20T08:52:17+00:00","description":"L\u1eadp k\u1ebf ho\u1ea1ch giao d\u1ecbch c\u1ee7a b\u1ea1n ch\u00ednh x\u00e1c \u0111\u1ebfn t\u1eebng ph\u00fat d\u1ef1a tr\u00ean c\u00e1c b\u00e1o c\u00e1o kinh t\u1ebf s\u1eafp \u0111\u01b0\u1ee3c c\u00f4ng b\u1ed1, c\u00e1c s\u1ef1 ki\u1ec7n kinh t\u1ebf tr\u01b0\u1edbc \u0111\u00f3","breadcrumb":{"@id":"https:\/\/iexs.asia\/vi\/lich-kinh-te\/#breadcrumb"},"inLanguage":"vi-VN","potentialAction":[{"@type":"ReadAction","target":["https:\/\/iexs.asia\/vi\/lich-kinh-te\/"]}]},{"@type":"BreadcrumbList","@id":"https:\/\/iexs.asia\/vi\/lich-kinh-te\/#breadcrumb","itemListElement":[{"@type":"ListItem","position":1,"name":"Home","item":"https:\/\/iexs.asia\/"},{"@type":"ListItem","position":2,"name":"l\u1ecbch kinh t\u1ebf"}]},{"@type":"WebSite","@id":"https:\/\/iexs.asia\/#website","url":"https:\/\/iexs.asia\/","name":"IEXS | Fintech Broker | Securities | Futures | Forex | Metals | Crypto | Indices","description":"Ch\u1ee9ng kho\u00e1n | H\u1ee3p \u0111\u1ed3ng t\u01b0\u01a1ng lai | C\u1eb7p ti\u1ec1n t\u1ec7 | Kim lo\u1ea1i | C\u1ed5 phi\u1ebfu | Ch\u1ec9 s\u1ed1","publisher":{"@id":"https:\/\/iexs.asia\/#organization"},"potentialAction":[{"@type":"SearchAction","target":{"@type":"EntryPoint","urlTemplate":"https:\/\/iexs.asia\/?s={search_term_string}"},"query-input":"required name=search_term_string"}],"inLanguage":"vi-VN"},{"@type":"Organization","@id":"https:\/\/iexs.asia\/#organization","name":"IEXS","url":"https:\/\/iexs.asia\/","logo":{"@type":"ImageObject","inLanguage":"vi-VN","@id":"https:\/\/iexs.asia\/#\/schema\/logo\/image\/","url":"https:\/\/iexs.asia\/wp-content\/uploads\/2023\/08\/cropped-iexs-logo-bw-small-2.png","contentUrl":"https:\/\/iexs.asia\/wp-content\/uploads\/2023\/08\/cropped-iexs-logo-bw-small-2.png","width":512,"height":512,"caption":"IEXS"},"image":{"@id":"https:\/\/iexs.asia\/#\/schema\/logo\/image\/"},"sameAs":["https:\/\/www.facebook.com\/iexs.official","https:\/\/twitter.com\/iexs_official","https:\/\/www.youtube.com\/channel\/UCXkv-L4Z6HAgFtV1S1CvvRQ"]}]}},"_links":{"self":[{"href":"https:\/\/iexs.asia\/vi\/wp-json\/wp\/v2\/pages\/15235","targetHints":{"allow":["GET"]}}],"collection":[{"href":"https:\/\/iexs.asia\/vi\/wp-json\/wp\/v2\/pages"}],"about":[{"href":"https:\/\/iexs.asia\/vi\/wp-json\/wp\/v2\/types\/page"}],"author":[{"embeddable":true,"href":"https:\/\/iexs.asia\/vi\/wp-json\/wp\/v2\/users\/2"}],"replies":[{"embeddable":true,"href":"https:\/\/iexs.asia\/vi\/wp-json\/wp\/v2\/comments?post=15235"}],"version-history":[{"count":5,"href":"https:\/\/iexs.asia\/vi\/wp-json\/wp\/v2\/pages\/15235\/revisions"}],"predecessor-version":[{"id":20826,"href":"https:\/\/iexs.asia\/vi\/wp-json\/wp\/v2\/pages\/15235\/revisions\/20826"}],"wp:attachment":[{"href":"https:\/\/iexs.asia\/vi\/wp-json\/wp\/v2\/media?parent=15235"}],"curies":[{"name":"wp","href":"https:\/\/api.w.org\/{rel}","templated":true}]}}